{"id":2302,"date":"2023-11-05T21:51:12","date_gmt":"2023-11-05T20:51:12","guid":{"rendered":"https:\/\/hgg-thum.de\/wp\/?page_id=2302"},"modified":"2023-11-06T08:57:06","modified_gmt":"2023-11-06T07:57:06","slug":"kochen-und-backen","status":"publish","type":"page","link":"https:\/\/hgg-thum.de\/wp\/kochen-und-backen\/","title":{"rendered":"Kochen und Backen"},"content":{"rendered":"\n<ul class=\"wp-block-list\">\n<li>Mittwoch 13:30 Uhr<\/li>\n\n\n\n<li>Klassen 5 &#8211; 7 <\/li>\n\n\n\n<li>Schulk\u00fcche <\/li>\n\n\n\n<li>Frau Hofmann<\/li>\n<\/ul>\n\n\n\n<p>Willkommen in unserer kulinarischen Oase! Der Duft von Genuss und Kreativit\u00e4t liegt in der Luft. Komm mit uns in die K\u00fcche, wo wir verschiedenste Back- und Kochrezepte probieren und uns an neue Gerichte und Zutaten heranwagen. Und das Beste daran? Du kannst das Ergebnis nat\u00fcrlich kosten! Werde ein Meisterkoch oder B\u00e4cker in spe und erschaffe k\u00f6stliche Gaumenfreuden!<\/p>\n","protected":false},"excerpt":{"rendered":"<p>Willkommen in unserer kulinarischen Oase! Der Duft von Genuss und Kreativit\u00e4t liegt in der Luft. Komm mit uns in die K\u00fcche, wo wir verschiedenste Back- und Kochrezepte probieren und uns an neue Gerichte und Zutaten heranwagen. Und das Beste daran? Du kannst das Ergebnis nat\u00fcrlich kosten! Werde ein Meisterkoch oder B\u00e4cker in spe und erschaffe [&hellip;]<\/p>\n","protected":false},"author":1,"featured_media":0,"parent":0,"menu_order":0,"comment_status":"closed","ping_status":"closed","template":"","meta":{"footnotes":""},"class_list":["post-2302","page","type-page","status-publish","hentry","latest_post"],"_links":{"self":[{"href":"https:\/\/hgg-thum.de\/wp\/wp-json\/wp\/v2\/pages\/2302","targetHints":{"allow":["GET"]}}],"collection":[{"href":"https:\/\/hgg-thum.de\/wp\/wp-json\/wp\/v2\/pages"}],"about":[{"href":"https:\/\/hgg-thum.de\/wp\/wp-json\/wp\/v2\/types\/page"}],"author":[{"embeddable":true,"href":"https:\/\/hgg-thum.de\/wp\/wp-json\/wp\/v2\/users\/1"}],"replies":[{"embeddable":true,"href":"https:\/\/hgg-thum.de\/wp\/wp-json\/wp\/v2\/comments?post=2302"}],"version-history":[{"count":0,"href":"https:\/\/hgg-thum.de\/wp\/wp-json\/wp\/v2\/pages\/2302\/revisions"}],"wp:attachment":[{"href":"https:\/\/hgg-thum.de\/wp\/wp-json\/wp\/v2\/media?parent=2302"}],"curies":[{"name":"wp","href":"https:\/\/api.w.org\/{rel}","templated":true}]}}