{"id":2310,"date":"2023-11-05T21:58:20","date_gmt":"2023-11-05T20:58:20","guid":{"rendered":"https:\/\/hgg-thum.de\/wp\/?page_id=2310"},"modified":"2025-08-15T13:16:37","modified_gmt":"2025-08-15T11:16:37","slug":"kunst","status":"publish","type":"page","link":"https:\/\/hgg-thum.de\/wp\/kunst\/","title":{"rendered":"Kunst"},"content":{"rendered":"\n<ul class=\"wp-block-list\">\n<li>Dienstag 13:30 Uhr<\/li>\n\n\n\n<li>Klassen 5 &#8211; 10 <\/li>\n\n\n\n<li>Zimmer 211<\/li>\n\n\n\n<li>Frau Listner <\/li>\n<\/ul>\n\n\n\n<p>In der Kunst AG k\u00f6nnen sich Sch\u00fclerinnen und Sch\u00fcler auf individuelle Weise kreativ mit ganz unterschiedlichen Materialien auseinandersetzen. Ob get\u00f6pfert, gemalt, gezeichnet oder geformt &#8211; es stehen vielf\u00e4ltige M\u00f6glichkeiten offen, der eigenen Kreativit\u00e4t freien Lauf zu lassen. Au\u00dferdem sind alle Sch\u00fcler willkommen, die Unterrichts-arbeiten auf- bzw. nachholen m\u00fcssen oder an ihren KTBs arbeiten wollen, ohne den Druck, jede Woche kommen zu m\u00fcssen..<\/p>\n","protected":false},"excerpt":{"rendered":"<p>In der Kunst AG k\u00f6nnen sich Sch\u00fclerinnen und Sch\u00fcler auf individuelle Weise kreativ mit ganz unterschiedlichen Materialien auseinandersetzen. Ob get\u00f6pfert, gemalt, gezeichnet oder geformt &#8211; es stehen vielf\u00e4ltige M\u00f6glichkeiten offen, der eigenen Kreativit\u00e4t freien Lauf zu lassen. Au\u00dferdem sind alle Sch\u00fcler willkommen, die Unterrichts-arbeiten auf- bzw. nachholen m\u00fcssen oder an ihren KTBs arbeiten wollen, ohne [&hellip;]<\/p>\n","protected":false},"author":1,"featured_media":0,"parent":0,"menu_order":0,"comment_status":"closed","ping_status":"closed","template":"","meta":{"footnotes":""},"class_list":["post-2310","page","type-page","status-publish","hentry","latest_post"],"_links":{"self":[{"href":"https:\/\/hgg-thum.de\/wp\/wp-json\/wp\/v2\/pages\/2310","targetHints":{"allow":["GET"]}}],"collection":[{"href":"https:\/\/hgg-thum.de\/wp\/wp-json\/wp\/v2\/pages"}],"about":[{"href":"https:\/\/hgg-thum.de\/wp\/wp-json\/wp\/v2\/types\/page"}],"author":[{"embeddable":true,"href":"https:\/\/hgg-thum.de\/wp\/wp-json\/wp\/v2\/users\/1"}],"replies":[{"embeddable":true,"href":"https:\/\/hgg-thum.de\/wp\/wp-json\/wp\/v2\/comments?post=2310"}],"version-history":[{"count":4,"href":"https:\/\/hgg-thum.de\/wp\/wp-json\/wp\/v2\/pages\/2310\/revisions"}],"predecessor-version":[{"id":3871,"href":"https:\/\/hgg-thum.de\/wp\/wp-json\/wp\/v2\/pages\/2310\/revisions\/3871"}],"wp:attachment":[{"href":"https:\/\/hgg-thum.de\/wp\/wp-json\/wp\/v2\/media?parent=2310"}],"curies":[{"name":"wp","href":"https:\/\/api.w.org\/{rel}","templated":true}]}}